{"id":1320,"date":"2025-03-14T13:19:46","date_gmt":"2025-03-14T13:19:46","guid":{"rendered":"https:\/\/versuchswiese.ducktopie.org\/services"},"modified":"2025-03-24T19:29:59","modified_gmt":"2025-03-24T19:29:59","slug":"services","status":"publish","type":"page","link":"https:\/\/ducktopietest.plastic-age-ant.eu\/?page_id=1320","title":{"rendered":"Unterst\u00fctzen"},"content":{"rendered":"\t\t<div data-elementor-type=\"wp-page\" data-elementor-id=\"1320\" class=\"elementor elementor-1320\">\n\t\t\t\t<div class=\"elementor-element elementor-element-94a7aca e-con-full e-flex e-con e-parent\" data-id=\"94a7aca\" data-element_type=\"container\" data-settings=\"{&quot;background_background&quot;:&quot;classic&quot;}\">\n\t\t\t\t<div class=\"elementor-element elementor-element-09119ee elementor-widget elementor-widget-spacer\" data-id=\"09119ee\" data-element_type=\"widget\" data-widget_type=\"spacer.default\">\n\t\t\t\t<div class=\"elementor-widget-container\">\n\t\t\t\t\t\t\t<div class=\"elementor-spacer\">\n\t\t\t<div class=\"elementor-spacer-inner\"><\/div>\n\t\t<\/div>\n\t\t\t\t\t\t<\/div>\n\t\t\t\t<\/div>\n\t\t\t\t<div class=\"elementor-element elementor-element-698b733 animated-slow elementor-widget-mobile__width-initial elementor-invisible elementor-widget elementor-widget-image\" data-id=\"698b733\" data-element_type=\"widget\" data-settings=\"{&quot;_animation&quot;:&quot;fadeInDown&quot;,&quot;_animation_delay&quot;:100}\" data-widget_type=\"image.default\">\n\t\t\t\t<div class=\"elementor-widget-container\">\n\t\t\t\t\t\t\t\t\t\t\t\t\t\t\t<img fetchpriority=\"high\" decoding=\"async\" width=\"1024\" height=\"277\" src=\"https:\/\/ducktopietest.plastic-age-ant.eu\/wp-content\/uploads\/2025\/03\/Header-unterstuetzung-1-1024x277.png\" class=\"attachment-large size-large wp-image-1998\" alt=\"\" srcset=\"https:\/\/ducktopietest.plastic-age-ant.eu\/wp-content\/uploads\/2025\/03\/Header-unterstuetzung-1-1024x277.png 1024w, https:\/\/ducktopietest.plastic-age-ant.eu\/wp-content\/uploads\/2025\/03\/Header-unterstuetzung-1-300x81.png 300w, https:\/\/ducktopietest.plastic-age-ant.eu\/wp-content\/uploads\/2025\/03\/Header-unterstuetzung-1-768x208.png 768w, https:\/\/ducktopietest.plastic-age-ant.eu\/wp-content\/uploads\/2025\/03\/Header-unterstuetzung-1-1536x416.png 1536w, https:\/\/ducktopietest.plastic-age-ant.eu\/wp-content\/uploads\/2025\/03\/Header-unterstuetzung-1-2048x554.png 2048w\" sizes=\"(max-width: 1024px) 100vw, 1024px\" \/>\t\t\t\t\t\t\t\t\t\t\t\t\t\t\t<\/div>\n\t\t\t\t<\/div>\n\t\t\t\t<div class=\"elementor-element elementor-element-072f2bb elementor-widget elementor-widget-spacer\" data-id=\"072f2bb\" data-element_type=\"widget\" data-widget_type=\"spacer.default\">\n\t\t\t\t<div class=\"elementor-widget-container\">\n\t\t\t\t\t\t\t<div class=\"elementor-spacer\">\n\t\t\t<div class=\"elementor-spacer-inner\"><\/div>\n\t\t<\/div>\n\t\t\t\t\t\t<\/div>\n\t\t\t\t<\/div>\n\t\t\t\t<div class=\"elementor-element elementor-element-dff202f elementor-widget elementor-widget-spacer\" data-id=\"dff202f\" data-element_type=\"widget\" data-widget_type=\"spacer.default\">\n\t\t\t\t<div class=\"elementor-widget-container\">\n\t\t\t\t\t\t\t<div class=\"elementor-spacer\">\n\t\t\t<div class=\"elementor-spacer-inner\"><\/div>\n\t\t<\/div>\n\t\t\t\t\t\t<\/div>\n\t\t\t\t<\/div>\n\t\t<div class=\"elementor-element elementor-element-9fe8959 animated-slow e-flex e-con-boxed elementor-invisible e-con e-child\" data-id=\"9fe8959\" data-element_type=\"container\" data-settings=\"{&quot;animation&quot;:&quot;fadeInUp&quot;,&quot;animation_delay&quot;:300}\">\n\t\t\t\t\t<div class=\"e-con-inner\">\n\t\t<div class=\"elementor-element elementor-element-3794313 e-con-full e-flex e-con e-child\" data-id=\"3794313\" data-element_type=\"container\" data-settings=\"{&quot;background_background&quot;:&quot;classic&quot;}\">\n\t\t<div class=\"elementor-element elementor-element-784b3ac e-con-full e-flex e-con e-child\" data-id=\"784b3ac\" data-element_type=\"container\" data-settings=\"{&quot;background_background&quot;:&quot;classic&quot;}\">\n\t\t\t\t<div class=\"elementor-element elementor-element-b6230cf elementor-widget__width-initial elementor-widget elementor-widget-heading\" data-id=\"b6230cf\" data-element_type=\"widget\" data-widget_type=\"heading.default\">\n\t\t\t\t<div class=\"elementor-widget-container\">\n\t\t\t\t\t<h2 class=\"elementor-heading-title elementor-size-default\">die <b>4<\/b> besten Wege, <br>wie du dem Verein helfen kannst<\/h2>\t\t\t\t<\/div>\n\t\t\t\t<\/div>\n\t\t\t\t<\/div>\n\t\t\t\t<div class=\"elementor-element elementor-element-c7ea906 elementor-widget elementor-widget-spacer\" data-id=\"c7ea906\" data-element_type=\"widget\" data-widget_type=\"spacer.default\">\n\t\t\t\t<div class=\"elementor-widget-container\">\n\t\t\t\t\t\t\t<div class=\"elementor-spacer\">\n\t\t\t<div class=\"elementor-spacer-inner\"><\/div>\n\t\t<\/div>\n\t\t\t\t\t\t<\/div>\n\t\t\t\t<\/div>\n\t\t<div class=\"elementor-element elementor-element-9e89ce5 e-con-full e-flex e-con e-child\" data-id=\"9e89ce5\" data-element_type=\"container\">\n\t\t<div class=\"elementor-element elementor-element-7cd746a e-grid e-con-full e-con e-child\" data-id=\"7cd746a\" data-element_type=\"container\">\n\t\t<div class=\"elementor-element elementor-element-390b61f e-con-full e-flex e-con e-child\" data-id=\"390b61f\" data-element_type=\"container\" data-settings=\"{&quot;background_background&quot;:&quot;classic&quot;}\">\n\t\t<div class=\"elementor-element elementor-element-b20232d e-grid e-con-boxed e-con e-child\" data-id=\"b20232d\" data-element_type=\"container\" data-settings=\"{&quot;background_background&quot;:&quot;classic&quot;}\">\n\t\t\t\t\t<div class=\"e-con-inner\">\n\t\t\t\t<div class=\"elementor-element elementor-element-a71dc9e elementor-widget__width-initial elementor-widget elementor-widget-image\" data-id=\"a71dc9e\" data-element_type=\"widget\" data-widget_type=\"image.default\">\n\t\t\t\t<div class=\"elementor-widget-container\">\n\t\t\t\t\t\t\t\t\t\t\t\t\t\t\t<img decoding=\"async\" width=\"388\" height=\"393\" src=\"https:\/\/ducktopietest.plastic-age-ant.eu\/wp-content\/uploads\/2025\/03\/1.png\" class=\"attachment-large size-large wp-image-1733\" alt=\"\" srcset=\"https:\/\/ducktopietest.plastic-age-ant.eu\/wp-content\/uploads\/2025\/03\/1.png 388w, https:\/\/ducktopietest.plastic-age-ant.eu\/wp-content\/uploads\/2025\/03\/1-296x300.png 296w\" sizes=\"(max-width: 388px) 100vw, 388px\" \/>\t\t\t\t\t\t\t\t\t\t\t\t\t\t\t<\/div>\n\t\t\t\t<\/div>\n\t\t\t\t<div class=\"elementor-element elementor-element-bc7f45c elementor-widget elementor-widget-image-box\" data-id=\"bc7f45c\" data-element_type=\"widget\" data-widget_type=\"image-box.default\">\n\t\t\t\t<div class=\"elementor-widget-container\">\n\t\t\t\t\t<div class=\"elementor-image-box-wrapper\"><div class=\"elementor-image-box-content\"><h3 class=\"elementor-image-box-title\">Mitreden, Mitgestalten, Mitglied werden!<\/h3><p class=\"elementor-image-box-description\">Bring dich selbst ein und gestalte die Zukunft von Duckte zusammen mit uns! Helfende H\u00e4nde sind immer willkommen.<\/p><\/div><\/div>\t\t\t\t<\/div>\n\t\t\t\t<\/div>\n\t\t\t\t\t<\/div>\n\t\t\t\t<\/div>\n\t\t\t\t<div class=\"elementor-element elementor-element-84f0821 elementor-align-justify elementor-widget__width-initial elementor-widget elementor-widget-button\" data-id=\"84f0821\" data-element_type=\"widget\" data-widget_type=\"button.default\">\n\t\t\t\t<div class=\"elementor-widget-container\">\n\t\t\t\t\t\t\t\t\t<div class=\"elementor-button-wrapper\">\n\t\t\t\t\t<a class=\"elementor-button elementor-button-link elementor-size-sm\" href=\"http:\/\/ducktopietest.plastic-age-ant.eu\/?page_id=2067\">\n\t\t\t\t\t\t<span class=\"elementor-button-content-wrapper\">\n\t\t\t\t\t\t\t\t\t<span class=\"elementor-button-text\">Ich bin dabei!<\/span>\n\t\t\t\t\t<\/span>\n\t\t\t\t\t<\/a>\n\t\t\t\t<\/div>\n\t\t\t\t\t\t\t\t<\/div>\n\t\t\t\t<\/div>\n\t\t\t\t<\/div>\n\t\t<div class=\"elementor-element elementor-element-869b7c9 e-con-full e-flex e-con e-child\" data-id=\"869b7c9\" data-element_type=\"container\" data-settings=\"{&quot;background_background&quot;:&quot;classic&quot;}\">\n\t\t<div class=\"elementor-element elementor-element-02ae609 e-grid e-con-boxed e-con e-child\" data-id=\"02ae609\" data-element_type=\"container\" data-settings=\"{&quot;background_background&quot;:&quot;classic&quot;}\">\n\t\t\t\t\t<div class=\"e-con-inner\">\n\t\t\t\t<div class=\"elementor-element elementor-element-b984907 elementor-widget__width-initial elementor-widget elementor-widget-image\" data-id=\"b984907\" data-element_type=\"widget\" data-widget_type=\"image.default\">\n\t\t\t\t<div class=\"elementor-widget-container\">\n\t\t\t\t\t\t\t\t\t\t\t\t\t\t\t<img decoding=\"async\" width=\"428\" height=\"390\" src=\"https:\/\/ducktopietest.plastic-age-ant.eu\/wp-content\/uploads\/2025\/03\/2.png\" class=\"attachment-large size-large wp-image-1734\" alt=\"\" srcset=\"https:\/\/ducktopietest.plastic-age-ant.eu\/wp-content\/uploads\/2025\/03\/2.png 428w, https:\/\/ducktopietest.plastic-age-ant.eu\/wp-content\/uploads\/2025\/03\/2-300x273.png 300w\" sizes=\"(max-width: 428px) 100vw, 428px\" \/>\t\t\t\t\t\t\t\t\t\t\t\t\t\t\t<\/div>\n\t\t\t\t<\/div>\n\t\t\t\t<div class=\"elementor-element elementor-element-60d7351 elementor-widget elementor-widget-image-box\" data-id=\"60d7351\" data-element_type=\"widget\" data-widget_type=\"image-box.default\">\n\t\t\t\t<div class=\"elementor-widget-container\">\n\t\t\t\t\t<div class=\"elementor-image-box-wrapper\"><div class=\"elementor-image-box-content\"><h3 class=\"elementor-image-box-title\">Finanzielle Unterst\u00fctzung \/ Geldspenden<\/h3><p class=\"elementor-image-box-description\">Um f\u00fcr den Kauf des Grundst\u00fccks die notwendige Bonit\u00e4t zu erreichen, k\u00f6nnen wir jeden Euro gut gebrauchen.<\/p><\/div><\/div>\t\t\t\t<\/div>\n\t\t\t\t<\/div>\n\t\t\t\t\t<\/div>\n\t\t\t\t<\/div>\n\t\t\t\t<div class=\"elementor-element elementor-element-75f30a3 elementor-align-justify elementor-widget__width-initial elementor-widget elementor-widget-button\" data-id=\"75f30a3\" data-element_type=\"widget\" data-widget_type=\"button.default\">\n\t\t\t\t<div class=\"elementor-widget-container\">\n\t\t\t\t\t\t\t\t\t<div class=\"elementor-button-wrapper\">\n\t\t\t\t\t<a class=\"elementor-button elementor-button-link elementor-size-sm\" href=\"http:\/\/ducktopietest.plastic-age-ant.eu\/?page_id=2161\">\n\t\t\t\t\t\t<span class=\"elementor-button-content-wrapper\">\n\t\t\t\t\t\t\t\t\t<span class=\"elementor-button-text\">jetzt Geld f\u00fcr Duckte spenden<\/span>\n\t\t\t\t\t<\/span>\n\t\t\t\t\t<\/a>\n\t\t\t\t<\/div>\n\t\t\t\t\t\t\t\t<\/div>\n\t\t\t\t<\/div>\n\t\t\t\t<\/div>\n\t\t<div class=\"elementor-element elementor-element-e301d61 e-con-full e-flex e-con e-child\" data-id=\"e301d61\" data-element_type=\"container\" data-settings=\"{&quot;background_background&quot;:&quot;classic&quot;}\">\n\t\t<div class=\"elementor-element elementor-element-0142d08 e-grid e-con-boxed e-con e-child\" data-id=\"0142d08\" data-element_type=\"container\" data-settings=\"{&quot;background_background&quot;:&quot;classic&quot;}\">\n\t\t\t\t\t<div class=\"e-con-inner\">\n\t\t\t\t<div class=\"elementor-element elementor-element-cb7bea8 elementor-widget__width-initial elementor-widget elementor-widget-image\" data-id=\"cb7bea8\" data-element_type=\"widget\" data-widget_type=\"image.default\">\n\t\t\t\t<div class=\"elementor-widget-container\">\n\t\t\t\t\t\t\t\t\t\t\t\t\t\t\t<img loading=\"lazy\" decoding=\"async\" width=\"417\" height=\"392\" src=\"https:\/\/ducktopietest.plastic-age-ant.eu\/wp-content\/uploads\/2025\/03\/3.png\" class=\"attachment-large size-large wp-image-1738\" alt=\"\" srcset=\"https:\/\/ducktopietest.plastic-age-ant.eu\/wp-content\/uploads\/2025\/03\/3.png 417w, https:\/\/ducktopietest.plastic-age-ant.eu\/wp-content\/uploads\/2025\/03\/3-300x282.png 300w\" sizes=\"(max-width: 417px) 100vw, 417px\" \/>\t\t\t\t\t\t\t\t\t\t\t\t\t\t\t<\/div>\n\t\t\t\t<\/div>\n\t\t\t\t<div class=\"elementor-element elementor-element-30e5161 elementor-widget elementor-widget-image-box\" data-id=\"30e5161\" data-element_type=\"widget\" data-widget_type=\"image-box.default\">\n\t\t\t\t<div class=\"elementor-widget-container\">\n\t\t\t\t\t<div class=\"elementor-image-box-wrapper\"><div class=\"elementor-image-box-content\"><h3 class=\"elementor-image-box-title\">Sinnvolle Sachspenden<\/h3><p class=\"elementor-image-box-description\">Einmal Keller und Dachboden entr\u00fcmpeln und vielleicht findet sich dort etwas, das auf unserer Bedarfs-Liste steht.<\/p><\/div><\/div>\t\t\t\t<\/div>\n\t\t\t\t<\/div>\n\t\t\t\t\t<\/div>\n\t\t\t\t<\/div>\n\t\t\t\t<div class=\"elementor-element elementor-element-6f8ab03 elementor-align-justify elementor-widget__width-initial elementor-widget elementor-widget-button\" data-id=\"6f8ab03\" data-element_type=\"widget\" data-widget_type=\"button.default\">\n\t\t\t\t<div class=\"elementor-widget-container\">\n\t\t\t\t\t\t\t\t\t<div class=\"elementor-button-wrapper\">\n\t\t\t\t\t<a class=\"elementor-button elementor-button-link elementor-size-sm\" href=\"http:\/\/ducktopietest.plastic-age-ant.eu\/?page_id=2161#Sachspenden\">\n\t\t\t\t\t\t<span class=\"elementor-button-content-wrapper\">\n\t\t\t\t\t\t\t\t\t<span class=\"elementor-button-text\">Ich hab was f\u00fcr euch!<\/span>\n\t\t\t\t\t<\/span>\n\t\t\t\t\t<\/a>\n\t\t\t\t<\/div>\n\t\t\t\t\t\t\t\t<\/div>\n\t\t\t\t<\/div>\n\t\t\t\t<\/div>\n\t\t<div class=\"elementor-element elementor-element-5cb528f e-con-full e-flex e-con e-child\" data-id=\"5cb528f\" data-element_type=\"container\" data-settings=\"{&quot;background_background&quot;:&quot;classic&quot;}\">\n\t\t<div class=\"elementor-element elementor-element-4b9a24b e-grid e-con-boxed e-con e-child\" data-id=\"4b9a24b\" data-element_type=\"container\" data-settings=\"{&quot;background_background&quot;:&quot;classic&quot;}\">\n\t\t\t\t\t<div class=\"e-con-inner\">\n\t\t\t\t<div class=\"elementor-element elementor-element-9ccefd1 elementor-widget__width-initial elementor-widget elementor-widget-image\" data-id=\"9ccefd1\" data-element_type=\"widget\" data-widget_type=\"image.default\">\n\t\t\t\t<div class=\"elementor-widget-container\">\n\t\t\t\t\t\t\t\t\t\t\t\t\t\t\t<img loading=\"lazy\" decoding=\"async\" width=\"429\" height=\"395\" src=\"https:\/\/ducktopietest.plastic-age-ant.eu\/wp-content\/uploads\/2025\/03\/4.png\" class=\"attachment-large size-large wp-image-1739\" alt=\"\" srcset=\"https:\/\/ducktopietest.plastic-age-ant.eu\/wp-content\/uploads\/2025\/03\/4.png 429w, https:\/\/ducktopietest.plastic-age-ant.eu\/wp-content\/uploads\/2025\/03\/4-300x276.png 300w\" sizes=\"(max-width: 429px) 100vw, 429px\" \/>\t\t\t\t\t\t\t\t\t\t\t\t\t\t\t<\/div>\n\t\t\t\t<\/div>\n\t\t\t\t<div class=\"elementor-element elementor-element-d1dbce3 elementor-widget elementor-widget-image-box\" data-id=\"d1dbce3\" data-element_type=\"widget\" data-widget_type=\"image-box.default\">\n\t\t\t\t<div class=\"elementor-widget-container\">\n\t\t\t\t\t<div class=\"elementor-image-box-wrapper\"><div class=\"elementor-image-box-content\"><h3 class=\"elementor-image-box-title\">Erz\u00e4hlt unsere Geschichte weiter<\/h3><p class=\"elementor-image-box-description\">Auch wenn ihr selbst gerade nicht helfen k\u00f6nnt, vielleicht kennt ihr Personen, die von unserem Projekt erfahren sollten.<\/p><\/div><\/div>\t\t\t\t<\/div>\n\t\t\t\t<\/div>\n\t\t\t\t\t<\/div>\n\t\t\t\t<\/div>\n\t\t\t\t<div class=\"elementor-element elementor-element-09b7a68 elementor-align-justify elementor-widget__width-initial elementor-widget elementor-widget-button\" data-id=\"09b7a68\" data-element_type=\"widget\" data-widget_type=\"button.default\">\n\t\t\t\t<div class=\"elementor-widget-container\">\n\t\t\t\t\t\t\t\t\t<div class=\"elementor-button-wrapper\">\n\t\t\t\t\t<a class=\"elementor-button elementor-button-link elementor-size-sm\" href=\"http:\/\/ducktopietest.plastic-age-ant.eu\/?page_id=1798\">\n\t\t\t\t\t\t<span class=\"elementor-button-content-wrapper\">\n\t\t\t\t\t\t\t\t\t<span class=\"elementor-button-text\">Ihr k\u00f6nnt auf mich z\u00e4hlen!<\/span>\n\t\t\t\t\t<\/span>\n\t\t\t\t\t<\/a>\n\t\t\t\t<\/div>\n\t\t\t\t\t\t\t\t<\/div>\n\t\t\t\t<\/div>\n\t\t\t\t<\/div>\n\t\t\t\t<\/div>\n\t\t\t\t<\/div>\n\t\t\t\t<\/div>\n\t\t\t\t<div class=\"elementor-element elementor-element-41d2e41 elementor-widget elementor-widget-spacer\" data-id=\"41d2e41\" data-element_type=\"widget\" data-widget_type=\"spacer.default\">\n\t\t\t\t<div class=\"elementor-widget-container\">\n\t\t\t\t\t\t\t<div class=\"elementor-spacer\">\n\t\t\t<div class=\"elementor-spacer-inner\"><\/div>\n\t\t<\/div>\n\t\t\t\t\t\t<\/div>\n\t\t\t\t<\/div>\n\t\t<div class=\"elementor-element elementor-element-f114038 e-con-full e-flex e-con e-child\" data-id=\"f114038\" data-element_type=\"container\">\n\t\t\t\t<\/div>\n\t\t\t\t\t<\/div>\n\t\t\t\t<\/div>\n\t\t\t\t<\/div>\n\t\t\t\t<\/div>\n\t\t","protected":false},"excerpt":{"rendered":"<p>die 4 besten Wege, wie du dem Verein helfen kannst Mitreden, Mitgestalten, Mitglied werden! Bring dich selbst ein und gestalte die Zukunft von Duckte zusammen mit uns! Helfende H\u00e4nde sind immer willkommen. Ich bin dabei! Finanzielle Unterst\u00fctzung \/ Geldspenden Um f\u00fcr den Kauf des Grundst\u00fccks die notwendige Bonit\u00e4t zu erreichen, k\u00f6nnen wir jeden Euro gut [&hellip;]<\/p>\n","protected":false},"author":2,"featured_media":0,"parent":0,"menu_order":0,"comment_status":"closed","ping_status":"closed","template":"","meta":{"site-sidebar-layout":"no-sidebar","site-content-layout":"page-builder","ast-site-content-layout":"full-width-container","site-content-style":"unboxed","site-sidebar-style":"unboxed","ast-global-header-display":"","ast-banner-title-visibility":"","ast-main-header-display":"","ast-hfb-above-header-display":"","ast-hfb-below-header-display":"","ast-hfb-mobile-header-display":"","site-post-title":"disabled","ast-breadcrumbs-content":"","ast-featured-img":"disabled","footer-sml-layout":"","theme-transparent-header-meta":"enabled","adv-header-id-meta":"","stick-header-meta":"","header-above-stick-meta":"","header-main-stick-meta":"","header-below-stick-meta":"","astra-migrate-meta-layouts":"set","ast-page-background-enabled":"default","ast-page-background-meta":{"desktop":{"background-color":"var(--ast-global-color-4)","background-image":"","background-repeat":"repeat","background-position":"center center","background-size":"auto","background-attachment":"scroll","background-type":"","background-media":"","overlay-type":"","overlay-color":"","overlay-opacity":"","overlay-gradient":""},"tablet":{"background-color":"","background-image":"","background-repeat":"repeat","background-position":"center center","background-size":"auto","background-attachment":"scroll","background-type":"","background-media":"","overlay-type":"","overlay-color":"","overlay-opacity":"","overlay-gradient":""},"mobile":{"background-color":"","background-image":"","background-repeat":"repeat","background-position":"center center","background-size":"auto","background-attachment":"scroll","background-type":"","background-media":"","overlay-type":"","overlay-color":"","overlay-opacity":"","overlay-gradient":""}},"ast-content-background-meta":{"desktop":{"background-color":"var(--ast-global-color-5)","background-image":"","background-repeat":"repeat","background-position":"center center","background-size":"auto","background-attachment":"scroll","background-type":"","background-media":"","overlay-type":"","overlay-color":"","overlay-opacity":"","overlay-gradient":""},"tablet":{"background-color":"var(--ast-global-color-5)","background-image":"","background-repeat":"repeat","background-position":"center center","background-size":"auto","background-attachment":"scroll","background-type":"","background-media":"","overlay-type":"","overlay-color":"","overlay-opacity":"","overlay-gradient":""},"mobile":{"background-color":"var(--ast-global-color-5)","background-image":"","background-repeat":"repeat","background-position":"center center","background-size":"auto","background-attachment":"scroll","background-type":"","background-media":"","overlay-type":"","overlay-color":"","overlay-opacity":"","overlay-gradient":""}},"footnotes":""},"class_list":["post-1320","page","type-page","status-publish","hentry"],"_links":{"self":[{"href":"https:\/\/ducktopietest.plastic-age-ant.eu\/index.php?rest_route=\/wp\/v2\/pages\/1320","targetHints":{"allow":["GET"]}}],"collection":[{"href":"https:\/\/ducktopietest.plastic-age-ant.eu\/index.php?rest_route=\/wp\/v2\/pages"}],"about":[{"href":"https:\/\/ducktopietest.plastic-age-ant.eu\/index.php?rest_route=\/wp\/v2\/types\/page"}],"author":[{"embeddable":true,"href":"https:\/\/ducktopietest.plastic-age-ant.eu\/index.php?rest_route=\/wp\/v2\/users\/2"}],"replies":[{"embeddable":true,"href":"https:\/\/ducktopietest.plastic-age-ant.eu\/index.php?rest_route=%2Fwp%2Fv2%2Fcomments&post=1320"}],"version-history":[{"count":133,"href":"https:\/\/ducktopietest.plastic-age-ant.eu\/index.php?rest_route=\/wp\/v2\/pages\/1320\/revisions"}],"predecessor-version":[{"id":3419,"href":"https:\/\/ducktopietest.plastic-age-ant.eu\/index.php?rest_route=\/wp\/v2\/pages\/1320\/revisions\/3419"}],"wp:attachment":[{"href":"https:\/\/ducktopietest.plastic-age-ant.eu\/index.php?rest_route=%2Fwp%2Fv2%2Fmedia&parent=1320"}],"curies":[{"name":"wp","href":"https:\/\/api.w.org\/{rel}","templated":true}]}}