{"id":1798,"date":"2025-03-15T07:26:14","date_gmt":"2025-03-15T07:26:14","guid":{"rendered":"https:\/\/versuchswiese.ducktopie.org\/?page_id=1798"},"modified":"2025-03-22T20:18:29","modified_gmt":"2025-03-22T20:18:29","slug":"elementor-page-1798","status":"publish","type":"page","link":"https:\/\/ducktopietest.plastic-age-ant.eu\/?page_id=1798","title":{"rendered":"Der Verein"},"content":{"rendered":"\t\t<div data-elementor-type=\"wp-page\" data-elementor-id=\"1798\" class=\"elementor elementor-1798\">\n\t\t\t\t<div class=\"elementor-element elementor-element-ad4ca7a e-flex e-con-boxed e-con e-parent\" data-id=\"ad4ca7a\" data-element_type=\"container\" data-settings=\"{&quot;background_background&quot;:&quot;classic&quot;}\">\n\t\t\t\t\t<div class=\"e-con-inner\">\n\t\t<div class=\"elementor-element elementor-element-6ff1569 e-con-full e-flex e-con e-child\" data-id=\"6ff1569\" data-element_type=\"container\">\n\t\t\t\t<div class=\"elementor-element elementor-element-17b7127 elementor-widget elementor-widget-spacer\" data-id=\"17b7127\" data-element_type=\"widget\" data-widget_type=\"spacer.default\">\n\t\t\t\t<div class=\"elementor-widget-container\">\n\t\t\t\t\t\t\t<div class=\"elementor-spacer\">\n\t\t\t<div class=\"elementor-spacer-inner\"><\/div>\n\t\t<\/div>\n\t\t\t\t\t\t<\/div>\n\t\t\t\t<\/div>\n\t\t\t\t<div class=\"elementor-element elementor-element-8e8dec7 animated-slow elementor-widget-mobile__width-initial elementor-invisible elementor-widget elementor-widget-image\" data-id=\"8e8dec7\" data-element_type=\"widget\" data-settings=\"{&quot;_animation&quot;:&quot;fadeInDown&quot;,&quot;_animation_delay&quot;:100}\" data-widget_type=\"image.default\">\n\t\t\t\t<div class=\"elementor-widget-container\">\n\t\t\t\t\t\t\t\t\t\t\t\t\t\t\t<img fetchpriority=\"high\" decoding=\"async\" width=\"1024\" height=\"538\" src=\"https:\/\/ducktopietest.plastic-age-ant.eu\/wp-content\/uploads\/2025\/03\/header-verein-2-1-1024x538.png\" class=\"attachment-large size-large wp-image-1938\" alt=\"\" srcset=\"https:\/\/ducktopietest.plastic-age-ant.eu\/wp-content\/uploads\/2025\/03\/header-verein-2-1-1024x538.png 1024w, https:\/\/ducktopietest.plastic-age-ant.eu\/wp-content\/uploads\/2025\/03\/header-verein-2-1-300x158.png 300w, https:\/\/ducktopietest.plastic-age-ant.eu\/wp-content\/uploads\/2025\/03\/header-verein-2-1-768x403.png 768w, https:\/\/ducktopietest.plastic-age-ant.eu\/wp-content\/uploads\/2025\/03\/header-verein-2-1-1536x807.png 1536w, https:\/\/ducktopietest.plastic-age-ant.eu\/wp-content\/uploads\/2025\/03\/header-verein-2-1-2048x1076.png 2048w\" sizes=\"(max-width: 1024px) 100vw, 1024px\" \/>\t\t\t\t\t\t\t\t\t\t\t\t\t\t\t<\/div>\n\t\t\t\t<\/div>\n\t\t\t\t<div class=\"elementor-element elementor-element-e7e182e elementor-widget elementor-widget-spacer\" data-id=\"e7e182e\" data-element_type=\"widget\" data-widget_type=\"spacer.default\">\n\t\t\t\t<div class=\"elementor-widget-container\">\n\t\t\t\t\t\t\t<div class=\"elementor-spacer\">\n\t\t\t<div class=\"elementor-spacer-inner\"><\/div>\n\t\t<\/div>\n\t\t\t\t\t\t<\/div>\n\t\t\t\t<\/div>\n\t\t\t\t<\/div>\n\t\t<div class=\"elementor-element elementor-element-5b770b4 e-con-full animated-slow e-flex elementor-invisible e-con e-child\" data-id=\"5b770b4\" data-element_type=\"container\" data-settings=\"{&quot;animation&quot;:&quot;fadeInRight&quot;,&quot;animation_delay&quot;:300}\">\n\t\t<div class=\"elementor-element elementor-element-86adbd1 e-con-full e-flex e-con e-child\" data-id=\"86adbd1\" data-element_type=\"container\" data-settings=\"{&quot;background_background&quot;:&quot;classic&quot;}\">\n\t\t\t\t<div class=\"elementor-element elementor-element-34b1026 elementor-widget elementor-widget-heading\" data-id=\"34b1026\" data-element_type=\"widget\" data-widget_type=\"heading.default\">\n\t\t\t\t<div class=\"elementor-widget-container\">\n\t\t\t\t\t<h2 class=\"elementor-heading-title elementor-size-default\">gemeinschaftlich solidarisch pragmatisch<\/h2>\t\t\t\t<\/div>\n\t\t\t\t<\/div>\n\t\t\t\t<div class=\"elementor-element elementor-element-1441818 elementor-widget-divider--view-line elementor-widget elementor-widget-divider\" data-id=\"1441818\" data-element_type=\"widget\" data-widget_type=\"divider.default\">\n\t\t\t\t<div class=\"elementor-widget-container\">\n\t\t\t\t\t\t\t<div class=\"elementor-divider\">\n\t\t\t<span class=\"elementor-divider-separator\">\n\t\t\t\t\t\t<\/span>\n\t\t<\/div>\n\t\t\t\t\t\t<\/div>\n\t\t\t\t<\/div>\n\t\t\t\t<div class=\"elementor-element elementor-element-e1861a7 elementor-widget elementor-widget-text-editor\" data-id=\"e1861a7\" data-element_type=\"widget\" data-widget_type=\"text-editor.default\">\n\t\t\t\t<div class=\"elementor-widget-container\">\n\t\t\t\t\t\t\t\t\tDie Geschichte des Ducktopie e.V. beginnt zwar eigentlich erst mit seiner Gr\u00fcndung Silvester 2024, aber die \u00dcberlegungen, eine solche Reise zu starten, gab es bei einigen Gr\u00fcndungs-Mitgliedern schon deutlich l\u00e4nger.\n\nWeil die Zukunft von Duckte als Wohnort und insbesondere als Ort f\u00fcr ein gemeinschaftliches Wohnprojekt lange Zeit eher auswegslos erschien, wurden die Pl\u00e4ne erst konkreter, als in 2024 deutlich wurde, dass ein Kauf des Grundst\u00fccks auch extern durch einen Verein m\u00f6glich sein kann.\n<br>Deswegen ist der Ducktopie e.V. noch ein recht junger Verein und der Fokus der Vereinsarbeit lag in den vergangenen zwei Monaten zun\u00e4chst auf dem Aufbau der notwendigen Infrastruktur f\u00fcr alle weiteren Schritte.\t\t\t\t\t\t\t\t<\/div>\n\t\t\t\t<\/div>\n\t\t\t\t<\/div>\n\t\t\t\t<\/div>\n\t\t\t\t\t<\/div>\n\t\t\t\t<\/div>\n\t\t<div class=\"elementor-element elementor-element-ca3d94f e-flex e-con-boxed e-con e-parent\" data-id=\"ca3d94f\" data-element_type=\"container\" data-settings=\"{&quot;background_background&quot;:&quot;classic&quot;}\">\n\t\t\t\t\t<div class=\"e-con-inner\">\n\t\t<div class=\"elementor-element elementor-element-3045693 e-con-full e-flex e-con e-child\" data-id=\"3045693\" data-element_type=\"container\" data-settings=\"{&quot;background_background&quot;:&quot;classic&quot;}\">\n\t\t\t\t<div class=\"elementor-element elementor-element-3bfa83d elementor-widget__width-initial elementor-widget elementor-widget-heading\" data-id=\"3bfa83d\" data-element_type=\"widget\" data-widget_type=\"heading.default\">\n\t\t\t\t<div class=\"elementor-widget-container\">\n\t\t\t\t\t<h2 class=\"elementor-heading-title elementor-size-default\">\"Die Ducktopie-Rakete ist Silvester gestartet und legt bald so richtig los\u2026\"<\/h2>\t\t\t\t<\/div>\n\t\t\t\t<\/div>\n\t\t\t\t<div class=\"elementor-element elementor-element-11553f9 elementor-widget__width-initial elementor-widget elementor-widget-heading\" data-id=\"11553f9\" data-element_type=\"widget\" data-widget_type=\"heading.default\">\n\t\t\t\t<div class=\"elementor-widget-container\">\n\t\t\t\t\t<h2 class=\"elementor-heading-title elementor-size-default\">- Stephan L. - <br>1. Vorstandsvorsitzender Ducktopie e.V.<\/h2>\t\t\t\t<\/div>\n\t\t\t\t<\/div>\n\t\t\t\t<\/div>\n\t\t\t\t\t<\/div>\n\t\t\t\t<\/div>\n\t\t<div class=\"elementor-element elementor-element-8c0b6b4 e-flex e-con-boxed e-con e-parent\" data-id=\"8c0b6b4\" data-element_type=\"container\" data-settings=\"{&quot;background_background&quot;:&quot;classic&quot;}\">\n\t\t\t\t\t<div class=\"e-con-inner\">\n\t\t<div class=\"elementor-element elementor-element-9e93ca3 e-grid e-con-full e-con e-child\" data-id=\"9e93ca3\" data-element_type=\"container\">\n\t\t<div class=\"elementor-element elementor-element-29906df e-con-full e-flex e-con e-child\" data-id=\"29906df\" data-element_type=\"container\" data-settings=\"{&quot;background_background&quot;:&quot;classic&quot;}\">\n\t\t<div class=\"elementor-element elementor-element-f89120e e-con-full e-flex e-con e-child\" data-id=\"f89120e\" data-element_type=\"container\" data-settings=\"{&quot;background_background&quot;:&quot;classic&quot;}\">\n\t\t\t\t<\/div>\n\t\t<div class=\"elementor-element elementor-element-af896cd e-grid e-con-full e-con e-child\" data-id=\"af896cd\" data-element_type=\"container\">\n\t\t\t\t<div class=\"elementor-element elementor-element-c9f36ce elementor-widget elementor-widget-image\" data-id=\"c9f36ce\" data-element_type=\"widget\" data-widget_type=\"image.default\">\n\t\t\t\t<div class=\"elementor-widget-container\">\n\t\t\t\t\t\t\t\t\t\t\t\t\t\t\t<img decoding=\"async\" width=\"360\" height=\"1024\" src=\"https:\/\/ducktopietest.plastic-age-ant.eu\/wp-content\/uploads\/2025\/03\/zeitstrahl-360x1024.png\" class=\"attachment-large size-large wp-image-1824\" alt=\"\" srcset=\"https:\/\/ducktopietest.plastic-age-ant.eu\/wp-content\/uploads\/2025\/03\/zeitstrahl-360x1024.png 360w, https:\/\/ducktopietest.plastic-age-ant.eu\/wp-content\/uploads\/2025\/03\/zeitstrahl-105x300.png 105w, https:\/\/ducktopietest.plastic-age-ant.eu\/wp-content\/uploads\/2025\/03\/zeitstrahl-540x1536.png 540w, https:\/\/ducktopietest.plastic-age-ant.eu\/wp-content\/uploads\/2025\/03\/zeitstrahl.png 681w\" sizes=\"(max-width: 360px) 100vw, 360px\" \/>\t\t\t\t\t\t\t\t\t\t\t\t\t\t\t<\/div>\n\t\t\t\t<\/div>\n\t\t<div class=\"elementor-element elementor-element-cbd896d e-con-full e-flex e-con e-child\" data-id=\"cbd896d\" data-element_type=\"container\">\n\t\t\t\t<div class=\"elementor-element elementor-element-79eb14d elementor-widget elementor-widget-spacer\" data-id=\"79eb14d\" data-element_type=\"widget\" data-widget_type=\"spacer.default\">\n\t\t\t\t<div class=\"elementor-widget-container\">\n\t\t\t\t\t\t\t<div class=\"elementor-spacer\">\n\t\t\t<div class=\"elementor-spacer-inner\"><\/div>\n\t\t<\/div>\n\t\t\t\t\t\t<\/div>\n\t\t\t\t<\/div>\n\t\t\t\t<div class=\"elementor-element elementor-element-3b097ad elementor-widget__width-initial elementor-widget elementor-widget-heading\" data-id=\"3b097ad\" data-element_type=\"widget\" data-widget_type=\"heading.default\">\n\t\t\t\t<div class=\"elementor-widget-container\">\n\t\t\t\t\t<h2 class=\"elementor-heading-title elementor-size-default\">Treffen zur Vorabstimmung in Interessens-Gemeinschaft zur Planung der Vereinsgr\u00fcndung<\/h2>\t\t\t\t<\/div>\n\t\t\t\t<\/div>\n\t\t\t\t<div class=\"elementor-element elementor-element-90eca98 elementor-widget elementor-widget-spacer\" data-id=\"90eca98\" data-element_type=\"widget\" data-widget_type=\"spacer.default\">\n\t\t\t\t<div class=\"elementor-widget-container\">\n\t\t\t\t\t\t\t<div class=\"elementor-spacer\">\n\t\t\t<div class=\"elementor-spacer-inner\"><\/div>\n\t\t<\/div>\n\t\t\t\t\t\t<\/div>\n\t\t\t\t<\/div>\n\t\t\t\t<div class=\"elementor-element elementor-element-266978b elementor-widget__width-initial elementor-widget elementor-widget-heading\" data-id=\"266978b\" data-element_type=\"widget\" data-widget_type=\"heading.default\">\n\t\t\t\t<div class=\"elementor-widget-container\">\n\t\t\t\t\t<h2 class=\"elementor-heading-title elementor-size-default\">Gr\u00fcndungsversammlung <\/h2>\t\t\t\t<\/div>\n\t\t\t\t<\/div>\n\t\t\t\t<div class=\"elementor-element elementor-element-9a43581 elementor-widget elementor-widget-spacer\" data-id=\"9a43581\" data-element_type=\"widget\" data-widget_type=\"spacer.default\">\n\t\t\t\t<div class=\"elementor-widget-container\">\n\t\t\t\t\t\t\t<div class=\"elementor-spacer\">\n\t\t\t<div class=\"elementor-spacer-inner\"><\/div>\n\t\t<\/div>\n\t\t\t\t\t\t<\/div>\n\t\t\t\t<\/div>\n\t\t\t\t<div class=\"elementor-element elementor-element-2cee145 elementor-widget__width-initial elementor-widget elementor-widget-heading\" data-id=\"2cee145\" data-element_type=\"widget\" data-widget_type=\"heading.default\">\n\t\t\t\t<div class=\"elementor-widget-container\">\n\t\t\t\t\t<h2 class=\"elementor-heading-title elementor-size-default\">Aufbau der Vereins-Infrastruktur  & Planung zeitnaher Vereinsaktivit\u00e4ten <\/h2>\t\t\t\t<\/div>\n\t\t\t\t<\/div>\n\t\t\t\t<div class=\"elementor-element elementor-element-140d6a2 elementor-widget elementor-widget-spacer\" data-id=\"140d6a2\" data-element_type=\"widget\" data-widget_type=\"spacer.default\">\n\t\t\t\t<div class=\"elementor-widget-container\">\n\t\t\t\t\t\t\t<div class=\"elementor-spacer\">\n\t\t\t<div class=\"elementor-spacer-inner\"><\/div>\n\t\t<\/div>\n\t\t\t\t\t\t<\/div>\n\t\t\t\t<\/div>\n\t\t\t\t<div class=\"elementor-element elementor-element-8769d7d elementor-widget__width-initial elementor-widget elementor-widget-heading\" data-id=\"8769d7d\" data-element_type=\"widget\" data-widget_type=\"heading.default\">\n\t\t\t\t<div class=\"elementor-widget-container\">\n\t\t\t\t\t<h2 class=\"elementor-heading-title elementor-size-default\">Eintragung ins Vereinsregister<\/h2>\t\t\t\t<\/div>\n\t\t\t\t<\/div>\n\t\t\t\t<\/div>\n\t\t\t\t<\/div>\n\t\t\t\t<div class=\"elementor-element elementor-element-05f59c2 elementor-widget elementor-widget-image\" data-id=\"05f59c2\" data-element_type=\"widget\" data-widget_type=\"image.default\">\n\t\t\t\t<div class=\"elementor-widget-container\">\n\t\t\t\t\t\t\t\t\t\t\t\t\t\t\t<img decoding=\"async\" width=\"1024\" height=\"215\" src=\"https:\/\/ducktopietest.plastic-age-ant.eu\/wp-content\/uploads\/2025\/03\/Divider-1024x215.png\" class=\"attachment-large size-large wp-image-1763\" alt=\"\" srcset=\"https:\/\/ducktopietest.plastic-age-ant.eu\/wp-content\/uploads\/2025\/03\/Divider-1024x215.png 1024w, https:\/\/ducktopietest.plastic-age-ant.eu\/wp-content\/uploads\/2025\/03\/Divider-300x63.png 300w, https:\/\/ducktopietest.plastic-age-ant.eu\/wp-content\/uploads\/2025\/03\/Divider-768x161.png 768w, https:\/\/ducktopietest.plastic-age-ant.eu\/wp-content\/uploads\/2025\/03\/Divider.png 1294w\" sizes=\"(max-width: 1024px) 100vw, 1024px\" \/>\t\t\t\t\t\t\t\t\t\t\t\t\t\t\t<\/div>\n\t\t\t\t<\/div>\n\t\t\t\t<div class=\"elementor-element elementor-element-40d4ac4 elementor-widget-mobile__width-initial elementor-widget elementor-widget-text-editor\" data-id=\"40d4ac4\" data-element_type=\"widget\" data-widget_type=\"text-editor.default\">\n\t\t\t\t<div class=\"elementor-widget-container\">\n\t\t\t\t\t\t\t\t\t<p>In den n\u00e4chsten Wochen werden wir sicher ein wenig mehr zu berichten haben und dann f\u00fcllen wir diesen Bereich sukzessive mit weiteren Informationen.<\/p><p>Wenn ihr aber bereits jetzt Fragen zum Verein habt, schreibt uns an!<\/p>\t\t\t\t\t\t\t\t<\/div>\n\t\t\t\t<\/div>\n\t\t\t\t<\/div>\n\t\t<div class=\"elementor-element elementor-element-6ffab65 e-con-full elementor-hidden-mobile e-flex e-con e-child\" data-id=\"6ffab65\" data-element_type=\"container\" data-settings=\"{&quot;background_background&quot;:&quot;classic&quot;}\">\n\t\t\t\t<\/div>\n\t\t\t\t<\/div>\n\t\t\t\t\t<\/div>\n\t\t\t\t<\/div>\n\t\t<div class=\"elementor-element elementor-element-f9d00c1 e-flex e-con-boxed e-con e-parent\" data-id=\"f9d00c1\" data-element_type=\"container\">\n\t\t\t\t\t<div class=\"e-con-inner\">\n\t\t\t\t\t<\/div>\n\t\t\t\t<\/div>\n\t\t\t\t<\/div>\n\t\t","protected":false},"excerpt":{"rendered":"<p>gemeinschaftlich solidarisch pragmatisch Die Geschichte des Ducktopie e.V. beginnt zwar eigentlich erst mit seiner Gr\u00fcndung Silvester 2024, aber die \u00dcberlegungen, eine solche Reise zu starten, gab es bei einigen Gr\u00fcndungs-Mitgliedern schon deutlich l\u00e4nger. Weil die Zukunft von Duckte als Wohnort und insbesondere als Ort f\u00fcr ein gemeinschaftliches Wohnprojekt lange Zeit eher auswegslos erschien, wurden die [&hellip;]<\/p>\n","protected":false},"author":2,"featured_media":0,"parent":0,"menu_order":0,"comment_status":"closed","ping_status":"closed","template":"","meta":{"site-sidebar-layout":"no-sidebar","site-content-layout":"page-builder","ast-site-content-layout":"full-width-container","site-content-style":"default","site-sidebar-style":"default","ast-global-header-display":"","ast-banner-title-visibility":"","ast-main-header-display":"","ast-hfb-above-header-display":"","ast-hfb-below-header-display":"","ast-hfb-mobile-header-display":"","site-post-title":"disabled","ast-breadcrumbs-content":"","ast-featured-img":"disabled","footer-sml-layout":"","theme-transparent-header-meta":"","adv-header-id-meta":"","stick-header-meta":"","header-above-stick-meta":"","header-main-stick-meta":"","header-below-stick-meta":"","astra-migrate-meta-layouts":"default","ast-page-background-enabled":"default","ast-page-background-meta":{"desktop":{"background-color":"var(--ast-global-color-4)","background-image":"","background-repeat":"repeat","background-position":"center center","background-size":"auto","background-attachment":"scroll","background-type":"","background-media":"","overlay-type":"","overlay-color":"","overlay-opacity":"","overlay-gradient":""},"tablet":{"background-color":"","background-image":"","background-repeat":"repeat","background-position":"center center","background-size":"auto","background-attachment":"scroll","background-type":"","background-media":"","overlay-type":"","overlay-color":"","overlay-opacity":"","overlay-gradient":""},"mobile":{"background-color":"","background-image":"","background-repeat":"repeat","background-position":"center center","background-size":"auto","background-attachment":"scroll","background-type":"","background-media":"","overlay-type":"","overlay-color":"","overlay-opacity":"","overlay-gradient":""}},"ast-content-background-meta":{"desktop":{"background-color":"var(--ast-global-color-5)","background-image":"","background-repeat":"repeat","background-position":"center center","background-size":"auto","background-attachment":"scroll","background-type":"","background-media":"","overlay-type":"","overlay-color":"","overlay-opacity":"","overlay-gradient":""},"tablet":{"background-color":"var(--ast-global-color-5)","background-image":"","background-repeat":"repeat","background-position":"center center","background-size":"auto","background-attachment":"scroll","background-type":"","background-media":"","overlay-type":"","overlay-color":"","overlay-opacity":"","overlay-gradient":""},"mobile":{"background-color":"var(--ast-global-color-5)","background-image":"","background-repeat":"repeat","background-position":"center center","background-size":"auto","background-attachment":"scroll","background-type":"","background-media":"","overlay-type":"","overlay-color":"","overlay-opacity":"","overlay-gradient":""}},"footnotes":""},"class_list":["post-1798","page","type-page","status-publish","hentry"],"_links":{"self":[{"href":"https:\/\/ducktopietest.plastic-age-ant.eu\/index.php?rest_route=\/wp\/v2\/pages\/1798","targetHints":{"allow":["GET"]}}],"collection":[{"href":"https:\/\/ducktopietest.plastic-age-ant.eu\/index.php?rest_route=\/wp\/v2\/pages"}],"about":[{"href":"https:\/\/ducktopietest.plastic-age-ant.eu\/index.php?rest_route=\/wp\/v2\/types\/page"}],"author":[{"embeddable":true,"href":"https:\/\/ducktopietest.plastic-age-ant.eu\/index.php?rest_route=\/wp\/v2\/users\/2"}],"replies":[{"embeddable":true,"href":"https:\/\/ducktopietest.plastic-age-ant.eu\/index.php?rest_route=%2Fwp%2Fv2%2Fcomments&post=1798"}],"version-history":[{"count":112,"href":"https:\/\/ducktopietest.plastic-age-ant.eu\/index.php?rest_route=\/wp\/v2\/pages\/1798\/revisions"}],"predecessor-version":[{"id":3378,"href":"https:\/\/ducktopietest.plastic-age-ant.eu\/index.php?rest_route=\/wp\/v2\/pages\/1798\/revisions\/3378"}],"wp:attachment":[{"href":"https:\/\/ducktopietest.plastic-age-ant.eu\/index.php?rest_route=%2Fwp%2Fv2%2Fmedia&parent=1798"}],"curies":[{"name":"wp","href":"https:\/\/api.w.org\/{rel}","templated":true}]}}