{"id":2067,"date":"2025-03-16T23:32:44","date_gmt":"2025-03-16T23:32:44","guid":{"rendered":"https:\/\/versuchswiese.ducktopie.org\/?page_id=2067"},"modified":"2025-03-24T19:19:57","modified_gmt":"2025-03-24T19:19:57","slug":"mitglied-werden","status":"publish","type":"page","link":"https:\/\/ducktopietest.plastic-age-ant.eu\/?page_id=2067","title":{"rendered":"Mitglied werden"},"content":{"rendered":"\t\t<div data-elementor-type=\"wp-page\" data-elementor-id=\"2067\" class=\"elementor elementor-2067\">\n\t\t\t\t<div class=\"elementor-element elementor-element-2a3c8fa9 e-flex e-con-boxed e-con e-parent\" data-id=\"2a3c8fa9\" data-element_type=\"container\" data-settings=\"{&quot;background_background&quot;:&quot;classic&quot;}\">\n\t\t\t\t\t<div class=\"e-con-inner\">\n\t\t<div class=\"elementor-element elementor-element-426455b7 e-con-full e-flex e-con e-child\" data-id=\"426455b7\" data-element_type=\"container\">\n\t\t\t\t<div class=\"elementor-element elementor-element-614068b6 elementor-widget elementor-widget-spacer\" data-id=\"614068b6\" data-element_type=\"widget\" data-widget_type=\"spacer.default\">\n\t\t\t\t<div class=\"elementor-widget-container\">\n\t\t\t\t\t\t\t<div class=\"elementor-spacer\">\n\t\t\t<div class=\"elementor-spacer-inner\"><\/div>\n\t\t<\/div>\n\t\t\t\t\t\t<\/div>\n\t\t\t\t<\/div>\n\t\t\t\t<div class=\"elementor-element elementor-element-23d463ba animated-slow elementor-invisible elementor-widget elementor-widget-image\" data-id=\"23d463ba\" data-element_type=\"widget\" data-settings=\"{&quot;_animation&quot;:&quot;fadeInDown&quot;,&quot;_animation_delay&quot;:100}\" data-widget_type=\"image.default\">\n\t\t\t\t<div class=\"elementor-widget-container\">\n\t\t\t\t\t\t\t\t\t\t\t\t\t\t\t<img fetchpriority=\"high\" decoding=\"async\" width=\"1024\" height=\"522\" src=\"https:\/\/ducktopietest.plastic-age-ant.eu\/wp-content\/uploads\/2025\/03\/header_mitglied-1024x522.png\" class=\"attachment-large size-large wp-image-2070\" alt=\"\" srcset=\"https:\/\/ducktopietest.plastic-age-ant.eu\/wp-content\/uploads\/2025\/03\/header_mitglied-1024x522.png 1024w, https:\/\/ducktopietest.plastic-age-ant.eu\/wp-content\/uploads\/2025\/03\/header_mitglied-300x153.png 300w, https:\/\/ducktopietest.plastic-age-ant.eu\/wp-content\/uploads\/2025\/03\/header_mitglied-768x392.png 768w, https:\/\/ducktopietest.plastic-age-ant.eu\/wp-content\/uploads\/2025\/03\/header_mitglied-1536x783.png 1536w, https:\/\/ducktopietest.plastic-age-ant.eu\/wp-content\/uploads\/2025\/03\/header_mitglied-2048x1045.png 2048w\" sizes=\"(max-width: 1024px) 100vw, 1024px\" \/>\t\t\t\t\t\t\t\t\t\t\t\t\t\t\t<\/div>\n\t\t\t\t<\/div>\n\t\t\t\t<div class=\"elementor-element elementor-element-70786baf elementor-widget elementor-widget-spacer\" data-id=\"70786baf\" data-element_type=\"widget\" data-widget_type=\"spacer.default\">\n\t\t\t\t<div class=\"elementor-widget-container\">\n\t\t\t\t\t\t\t<div class=\"elementor-spacer\">\n\t\t\t<div class=\"elementor-spacer-inner\"><\/div>\n\t\t<\/div>\n\t\t\t\t\t\t<\/div>\n\t\t\t\t<\/div>\n\t\t\t\t<\/div>\n\t\t<div class=\"elementor-element elementor-element-46145f4a e-con-full animated-slow e-flex elementor-invisible e-con e-child\" data-id=\"46145f4a\" data-element_type=\"container\" data-settings=\"{&quot;animation&quot;:&quot;fadeInRight&quot;,&quot;animation_delay&quot;:300}\">\n\t\t<div class=\"elementor-element elementor-element-6ea8fc0d e-con-full e-flex e-con e-child\" data-id=\"6ea8fc0d\" data-element_type=\"container\" data-settings=\"{&quot;background_background&quot;:&quot;classic&quot;}\">\n\t\t\t\t<div class=\"elementor-element elementor-element-707f7df elementor-widget elementor-widget-heading\" data-id=\"707f7df\" data-element_type=\"widget\" data-widget_type=\"heading.default\">\n\t\t\t\t<div class=\"elementor-widget-container\">\n\t\t\t\t\t<h2 class=\"elementor-heading-title elementor-size-default\">Wir freuen uns, dass du Teil unserer Gemeinschaft werden willst!<\/h2>\t\t\t\t<\/div>\n\t\t\t\t<\/div>\n\t\t\t\t<div class=\"elementor-element elementor-element-634d04c4 elementor-widget-divider--view-line elementor-widget elementor-widget-divider\" data-id=\"634d04c4\" data-element_type=\"widget\" data-widget_type=\"divider.default\">\n\t\t\t\t<div class=\"elementor-widget-container\">\n\t\t\t\t\t\t\t<div class=\"elementor-divider\">\n\t\t\t<span class=\"elementor-divider-separator\">\n\t\t\t\t\t\t<\/span>\n\t\t<\/div>\n\t\t\t\t\t\t<\/div>\n\t\t\t\t<\/div>\n\t\t\t\t<div class=\"elementor-element elementor-element-381282f8 elementor-widget elementor-widget-text-editor\" data-id=\"381282f8\" data-element_type=\"widget\" data-widget_type=\"text-editor.default\">\n\t\t\t\t<div class=\"elementor-widget-container\">\n\t\t\t\t\t\t\t\t\t<p>Als Mitglied hast du alle M\u00f6glichkeiten: Ganz nah dran sein am Geschehen und selbst mit anpacken, \u00fcber alle anstehenden Termine bestens informiert sein oder aber auch von der Seitenlinie zuschauen und den Verein dennoch mit deinem regelm\u00e4\u00dfigen Mitgliedsbeitrag f\u00f6rdern.<br \/>Jede Art der Unterst\u00fctzung ist f\u00fcr uns von unsch\u00e4tzbarem Wert!<\/p><p>Das hei\u00dft, DU entscheidest selbst dar\u00fcber, wie und in welchem Umfang du dich einbringen m\u00f6chtest. Und genauso entscheidest Du auch selbst \u00fcber die H\u00f6he deines Mitgliedsbeitrags.<br \/>Die Mitgliederversammlung hat den Mindestbeitrag auf 1\u20ac pro Monat bzw. 12\u20ac im Jahr festgelegt, aber es steht jedem Mitglied frei, diesen Beitrag individuell zu erh\u00f6hen.<\/p>\t\t\t\t\t\t\t\t<\/div>\n\t\t\t\t<\/div>\n\t\t\t\t<\/div>\n\t\t\t\t<div class=\"elementor-element elementor-element-67f0e64 elementor-position-left elementor-vertical-align-middle animated-slow elementor-position-left elementor-vertical-align-middle elementor-widget-mobile__width-initial elementor-hidden-tablet elementor-hidden-mobile elementor-invisible elementor-widget elementor-widget-image-box\" data-id=\"67f0e64\" data-element_type=\"widget\" data-settings=\"{&quot;_animation&quot;:&quot;fadeInDown&quot;,&quot;_animation_delay&quot;:500}\" data-widget_type=\"image-box.default\">\n\t\t\t\t<div class=\"elementor-widget-container\">\n\t\t\t\t\t<div class=\"elementor-image-box-wrapper\"><figure class=\"elementor-image-box-img\"><img decoding=\"async\" width=\"221\" height=\"717\" src=\"https:\/\/ducktopietest.plastic-age-ant.eu\/wp-content\/uploads\/2025\/03\/Pfeil_drawn.png\" class=\"attachment-full size-full wp-image-2594\" alt=\"\" \/><\/figure><div class=\"elementor-image-box-content\"><h3 class=\"elementor-image-box-title\">In nur 5 Schritten bist du dabei...<\/h3><\/div><\/div>\t\t\t\t<\/div>\n\t\t\t\t<\/div>\n\t\t\t\t<\/div>\n\t\t\t\t\t<\/div>\n\t\t\t\t<\/div>\n\t\t<div class=\"elementor-element elementor-element-6b1df83c e-flex e-con-boxed e-con e-parent\" data-id=\"6b1df83c\" data-element_type=\"container\" data-settings=\"{&quot;background_background&quot;:&quot;classic&quot;}\">\n\t\t\t\t\t<div class=\"e-con-inner\">\n\t\t<div class=\"elementor-element elementor-element-2dacc8e2 e-con-full e-flex e-con e-child\" data-id=\"2dacc8e2\" data-element_type=\"container\" data-settings=\"{&quot;background_background&quot;:&quot;classic&quot;}\">\n\t\t<div class=\"elementor-element elementor-element-d226f4b e-con-full e-flex e-con e-child\" data-id=\"d226f4b\" data-element_type=\"container\">\n\t\t<div class=\"elementor-element elementor-element-f980cd7 e-con-full e-flex e-con e-child\" data-id=\"f980cd7\" data-element_type=\"container\">\n\t\t\t\t<div class=\"elementor-element elementor-element-c647da6 elementor-hidden-desktop elementor-widget elementor-widget-image\" data-id=\"c647da6\" data-element_type=\"widget\" data-widget_type=\"image.default\">\n\t\t\t\t<div class=\"elementor-widget-container\">\n\t\t\t\t\t\t\t\t\t\t\t\t\t\t\t<img decoding=\"async\" width=\"361\" height=\"648\" src=\"https:\/\/ducktopietest.plastic-age-ant.eu\/wp-content\/uploads\/2025\/03\/pfeil-lila-1.png\" class=\"attachment-large size-large wp-image-2913\" alt=\"\" srcset=\"https:\/\/ducktopietest.plastic-age-ant.eu\/wp-content\/uploads\/2025\/03\/pfeil-lila-1.png 361w, https:\/\/ducktopietest.plastic-age-ant.eu\/wp-content\/uploads\/2025\/03\/pfeil-lila-1-167x300.png 167w\" sizes=\"(max-width: 361px) 100vw, 361px\" \/>\t\t\t\t\t\t\t\t\t\t\t\t\t\t\t<\/div>\n\t\t\t\t<\/div>\n\t\t\t\t<div class=\"elementor-element elementor-element-de5ae41 elementor-widget-mobile__width-initial elementor-hidden-desktop elementor-widget elementor-widget-heading\" data-id=\"de5ae41\" data-element_type=\"widget\" data-widget_type=\"heading.default\">\n\t\t\t\t<div class=\"elementor-widget-container\">\n\t\t\t\t\t<h2 class=\"elementor-heading-title elementor-size-default\">In nur 5 Schritten bist du dabei...<\/h2>\t\t\t\t<\/div>\n\t\t\t\t<\/div>\n\t\t\t\t<\/div>\n\t\t<div class=\"elementor-element elementor-element-f346b28 e-con-full e-flex e-con e-child\" data-id=\"f346b28\" data-element_type=\"container\">\n\t\t<div class=\"elementor-element elementor-element-036fd97 e-grid e-con-full e-con e-child\" data-id=\"036fd97\" data-element_type=\"container\">\n\t\t<div class=\"elementor-element elementor-element-335b4b1 e-con-full e-flex e-con e-child\" data-id=\"335b4b1\" data-element_type=\"container\">\n\t\t\t\t<div class=\"elementor-element elementor-element-265f9f7 elementor-widget__width-initial elementor-widget elementor-widget-heading\" data-id=\"265f9f7\" data-element_type=\"widget\" data-widget_type=\"heading.default\">\n\t\t\t\t<div class=\"elementor-widget-container\">\n\t\t\t\t\t<h2 class=\"elementor-heading-title elementor-size-default\">SCHRITT 1<\/h2>\t\t\t\t<\/div>\n\t\t\t\t<\/div>\n\t\t\t\t<div class=\"elementor-element elementor-element-4193aea elementor-widget__width-initial elementor-widget elementor-widget-heading\" data-id=\"4193aea\" data-element_type=\"widget\" data-widget_type=\"heading.default\">\n\t\t\t\t<div class=\"elementor-widget-container\">\n\t\t\t\t\t<h2 class=\"elementor-heading-title elementor-size-default\">DIE VEREINSSATZUNG LESEN<\/h2>\t\t\t\t<\/div>\n\t\t\t\t<\/div>\n\t\t\t\t<div class=\"elementor-element elementor-element-156fc6e elementor-widget__width-initial elementor-widget elementor-widget-heading\" data-id=\"156fc6e\" data-element_type=\"widget\" data-widget_type=\"heading.default\">\n\t\t\t\t<div class=\"elementor-widget-container\">\n\t\t\t\t\t<h2 class=\"elementor-heading-title elementor-size-default\">Darin steht alles zum Zweck und zu den Zielen des Vereins und du erf\u00e4hrst, wie du von deinem Stimmrecht gebrauch machen kannst.<\/h2>\t\t\t\t<\/div>\n\t\t\t\t<\/div>\n\t\t\t\t<div class=\"elementor-element elementor-element-846083a elementor-view-default elementor-widget elementor-widget-icon\" data-id=\"846083a\" data-element_type=\"widget\" data-widget_type=\"icon.default\">\n\t\t\t\t<div class=\"elementor-widget-container\">\n\t\t\t\t\t\t\t<div class=\"elementor-icon-wrapper\">\n\t\t\t<a class=\"elementor-icon elementor-animation-grow\" href=\"http:\/\/ducktopietest.plastic-age-ant.eu\/wp-content\/uploads\/2025\/03\/Satzung_Ducktopie_31_Dez2024.pdf\" target=\"_blank\" title=\"Vereinssatzung ansehen\">\n\t\t\t<svg aria-hidden=\"true\" class=\"e-font-icon-svg e-fas-cloud-download-alt\" viewBox=\"0 0 640 512\" xmlns=\"http:\/\/www.w3.org\/2000\/svg\"><path d=\"M537.6 226.6c4.1-10.7 6.4-22.4 6.4-34.6 0-53-43-96-96-96-19.7 0-38.1 6-53.3 16.2C367 64.2 315.3 32 256 32c-88.4 0-160 71.6-160 160 0 2.7.1 5.4.2 8.1C40.2 219.8 0 273.2 0 336c0 79.5 64.5 144 144 144h368c70.7 0 128-57.3 128-128 0-61.9-44-113.6-102.4-125.4zm-132.9 88.7L299.3 420.7c-6.2 6.2-16.4 6.2-22.6 0L171.3 315.3c-10.1-10.1-2.9-27.3 11.3-27.3H248V176c0-8.8 7.2-16 16-16h48c8.8 0 16 7.2 16 16v112h65.4c14.2 0 21.4 17.2 11.3 27.3z\"><\/path><\/svg>\t\t\t<\/a>\n\t\t<\/div>\n\t\t\t\t\t\t<\/div>\n\t\t\t\t<\/div>\n\t\t\t\t<\/div>\n\t\t<div class=\"elementor-element elementor-element-5010300 e-con-full e-flex e-con e-child\" data-id=\"5010300\" data-element_type=\"container\">\n\t\t\t\t<div class=\"elementor-element elementor-element-77b28c7 elementor-widget__width-initial elementor-widget elementor-widget-heading\" data-id=\"77b28c7\" data-element_type=\"widget\" data-widget_type=\"heading.default\">\n\t\t\t\t<div class=\"elementor-widget-container\">\n\t\t\t\t\t<h2 class=\"elementor-heading-title elementor-size-default\">SCHRITT 2<\/h2>\t\t\t\t<\/div>\n\t\t\t\t<\/div>\n\t\t\t\t<div class=\"elementor-element elementor-element-25c8660 elementor-widget__width-initial elementor-widget elementor-widget-heading\" data-id=\"25c8660\" data-element_type=\"widget\" data-widget_type=\"heading.default\">\n\t\t\t\t<div class=\"elementor-widget-container\">\n\t\t\t\t\t<h2 class=\"elementor-heading-title elementor-size-default\">DIE BEITRaGSORDNUNG DURCHGEHEN<\/h2>\t\t\t\t<\/div>\n\t\t\t\t<\/div>\n\t\t\t\t<div class=\"elementor-element elementor-element-6b59187 elementor-widget__width-initial elementor-widget elementor-widget-heading\" data-id=\"6b59187\" data-element_type=\"widget\" data-widget_type=\"heading.default\">\n\t\t\t\t<div class=\"elementor-widget-container\">\n\t\t\t\t\t<h2 class=\"elementor-heading-title elementor-size-default\">Informiere dich \u00fcber die unterschiedlichen Zahlungs-m\u00f6glichkeiten und wann dein Beitrag f\u00e4llig wird.<\/h2>\t\t\t\t<\/div>\n\t\t\t\t<\/div>\n\t\t\t\t<div class=\"elementor-element elementor-element-376edd5 elementor-view-default elementor-widget elementor-widget-icon\" data-id=\"376edd5\" data-element_type=\"widget\" data-widget_type=\"icon.default\">\n\t\t\t\t<div class=\"elementor-widget-container\">\n\t\t\t\t\t\t\t<div class=\"elementor-icon-wrapper\">\n\t\t\t<a class=\"elementor-icon elementor-animation-grow\" href=\"http:\/\/ducktopietest.plastic-age-ant.eu\/wp-content\/uploads\/2025\/03\/Beitragsordnung_20250206.pdf\" target=\"_blank\">\n\t\t\t<svg aria-hidden=\"true\" class=\"e-font-icon-svg e-fas-cloud-download-alt\" viewBox=\"0 0 640 512\" xmlns=\"http:\/\/www.w3.org\/2000\/svg\"><path d=\"M537.6 226.6c4.1-10.7 6.4-22.4 6.4-34.6 0-53-43-96-96-96-19.7 0-38.1 6-53.3 16.2C367 64.2 315.3 32 256 32c-88.4 0-160 71.6-160 160 0 2.7.1 5.4.2 8.1C40.2 219.8 0 273.2 0 336c0 79.5 64.5 144 144 144h368c70.7 0 128-57.3 128-128 0-61.9-44-113.6-102.4-125.4zm-132.9 88.7L299.3 420.7c-6.2 6.2-16.4 6.2-22.6 0L171.3 315.3c-10.1-10.1-2.9-27.3 11.3-27.3H248V176c0-8.8 7.2-16 16-16h48c8.8 0 16 7.2 16 16v112h65.4c14.2 0 21.4 17.2 11.3 27.3z\"><\/path><\/svg>\t\t\t<\/a>\n\t\t<\/div>\n\t\t\t\t\t\t<\/div>\n\t\t\t\t<\/div>\n\t\t\t\t<\/div>\n\t\t<div class=\"elementor-element elementor-element-8988fbc e-con-full e-flex e-con e-child\" data-id=\"8988fbc\" data-element_type=\"container\">\n\t\t\t\t<div class=\"elementor-element elementor-element-8cb758e elementor-widget__width-initial elementor-widget elementor-widget-heading\" data-id=\"8cb758e\" data-element_type=\"widget\" data-widget_type=\"heading.default\">\n\t\t\t\t<div class=\"elementor-widget-container\">\n\t\t\t\t\t<h2 class=\"elementor-heading-title elementor-size-default\">SCHRITT 3<\/h2>\t\t\t\t<\/div>\n\t\t\t\t<\/div>\n\t\t\t\t<div class=\"elementor-element elementor-element-5c0a38b elementor-widget__width-initial elementor-widget elementor-widget-heading\" data-id=\"5c0a38b\" data-element_type=\"widget\" data-widget_type=\"heading.default\">\n\t\t\t\t<div class=\"elementor-widget-container\">\n\t\t\t\t\t<h2 class=\"elementor-heading-title elementor-size-default\">mitgliedsantrag ausf\u00fcllen<\/h2>\t\t\t\t<\/div>\n\t\t\t\t<\/div>\n\t\t\t\t<div class=\"elementor-element elementor-element-4d71293 elementor-widget__width-initial elementor-widget elementor-widget-heading\" data-id=\"4d71293\" data-element_type=\"widget\" data-widget_type=\"heading.default\">\n\t\t\t\t<div class=\"elementor-widget-container\">\n\t\t\t\t\t<h2 class=\"elementor-heading-title elementor-size-default\">Nutze unser PDF-Formular, f\u00fclle alle notwendigen Felder aus und du bist fertig!<\/h2>\t\t\t\t<\/div>\n\t\t\t\t<\/div>\n\t\t\t\t<div class=\"elementor-element elementor-element-933de36 elementor-view-default elementor-widget elementor-widget-icon\" data-id=\"933de36\" data-element_type=\"widget\" data-widget_type=\"icon.default\">\n\t\t\t\t<div class=\"elementor-widget-container\">\n\t\t\t\t\t\t\t<div class=\"elementor-icon-wrapper\">\n\t\t\t<a class=\"elementor-icon elementor-animation-grow\" href=\"http:\/\/ducktopietest.plastic-age-ant.eu\/wp-content\/uploads\/2025\/03\/Antrag-Mitgliedschaft_20250320.pdf\" target=\"_blank\">\n\t\t\t<svg aria-hidden=\"true\" class=\"e-font-icon-svg e-fas-cloud-download-alt\" viewBox=\"0 0 640 512\" xmlns=\"http:\/\/www.w3.org\/2000\/svg\"><path d=\"M537.6 226.6c4.1-10.7 6.4-22.4 6.4-34.6 0-53-43-96-96-96-19.7 0-38.1 6-53.3 16.2C367 64.2 315.3 32 256 32c-88.4 0-160 71.6-160 160 0 2.7.1 5.4.2 8.1C40.2 219.8 0 273.2 0 336c0 79.5 64.5 144 144 144h368c70.7 0 128-57.3 128-128 0-61.9-44-113.6-102.4-125.4zm-132.9 88.7L299.3 420.7c-6.2 6.2-16.4 6.2-22.6 0L171.3 315.3c-10.1-10.1-2.9-27.3 11.3-27.3H248V176c0-8.8 7.2-16 16-16h48c8.8 0 16 7.2 16 16v112h65.4c14.2 0 21.4 17.2 11.3 27.3z\"><\/path><\/svg>\t\t\t<\/a>\n\t\t<\/div>\n\t\t\t\t\t\t<\/div>\n\t\t\t\t<\/div>\n\t\t\t\t<\/div>\n\t\t<div class=\"elementor-element elementor-element-6eed767 e-con-full e-flex e-con e-child\" data-id=\"6eed767\" data-element_type=\"container\">\n\t\t\t\t<div class=\"elementor-element elementor-element-c09acec elementor-widget__width-initial elementor-widget elementor-widget-heading\" data-id=\"c09acec\" data-element_type=\"widget\" data-widget_type=\"heading.default\">\n\t\t\t\t<div class=\"elementor-widget-container\">\n\t\t\t\t\t<h2 class=\"elementor-heading-title elementor-size-default\">SCHRITT 4<\/h2>\t\t\t\t<\/div>\n\t\t\t\t<\/div>\n\t\t\t\t<div class=\"elementor-element elementor-element-6de11b8 elementor-widget__width-initial elementor-widget elementor-widget-heading\" data-id=\"6de11b8\" data-element_type=\"widget\" data-widget_type=\"heading.default\">\n\t\t\t\t<div class=\"elementor-widget-container\">\n\t\t\t\t\t<h2 class=\"elementor-heading-title elementor-size-default\">ANTRAG UNTERSCHREIBEN <br>& PER POST ZUSENDEN<\/h2>\t\t\t\t<\/div>\n\t\t\t\t<\/div>\n\t\t\t\t<div class=\"elementor-element elementor-element-7d4ccba elementor-widget__width-initial elementor-widget elementor-widget-heading\" data-id=\"7d4ccba\" data-element_type=\"widget\" data-widget_type=\"heading.default\">\n\t\t\t\t<div class=\"elementor-widget-container\">\n\t\t\t\t\t<h2 class=\"elementor-heading-title elementor-size-default\">Druck & Post ist leider notwendig, weil wir deine Original-Unterschrift ben\u00f6tigen.<\/h2>\t\t\t\t<\/div>\n\t\t\t\t<\/div>\n\t\t\t\t<\/div>\n\t\t<div class=\"elementor-element elementor-element-237b1c3 e-con-full e-flex e-con e-child\" data-id=\"237b1c3\" data-element_type=\"container\">\n\t\t\t\t<div class=\"elementor-element elementor-element-8b1f237 elementor-widget__width-initial elementor-widget elementor-widget-heading\" data-id=\"8b1f237\" data-element_type=\"widget\" data-widget_type=\"heading.default\">\n\t\t\t\t<div class=\"elementor-widget-container\">\n\t\t\t\t\t<h2 class=\"elementor-heading-title elementor-size-default\">SCHRITT 5<\/h2>\t\t\t\t<\/div>\n\t\t\t\t<\/div>\n\t\t\t\t<div class=\"elementor-element elementor-element-577aadf elementor-widget__width-initial elementor-widget elementor-widget-heading\" data-id=\"577aadf\" data-element_type=\"widget\" data-widget_type=\"heading.default\">\n\t\t\t\t<div class=\"elementor-widget-container\">\n\t\t\t\t\t<h2 class=\"elementor-heading-title elementor-size-default\">DIE ZUKUNFT VON DUCKTE MITGESTALTEN<\/h2>\t\t\t\t<\/div>\n\t\t\t\t<\/div>\n\t\t\t\t<div class=\"elementor-element elementor-element-aa1a06e elementor-widget__width-initial elementor-widget elementor-widget-heading\" data-id=\"aa1a06e\" data-element_type=\"widget\" data-widget_type=\"heading.default\">\n\t\t\t\t<div class=\"elementor-widget-container\">\n\t\t\t\t\t<h2 class=\"elementor-heading-title elementor-size-default\">Geschafft!\n<br> Sobald dein Antrag von uns auf Vollst\u00e4ndigkeit gepr\u00fcft wurde, melden wir uns per Email bei dir.<\/h2>\t\t\t\t<\/div>\n\t\t\t\t<\/div>\n\t\t\t\t<\/div>\n\t\t\t\t<\/div>\n\t\t\t\t<\/div>\n\t\t\t\t<\/div>\n\t\t\t\t<\/div>\n\t\t\t\t<div class=\"elementor-element elementor-element-11f83dd elementor-widget elementor-widget-spacer\" data-id=\"11f83dd\" data-element_type=\"widget\" data-widget_type=\"spacer.default\">\n\t\t\t\t<div class=\"elementor-widget-container\">\n\t\t\t\t\t\t\t<div class=\"elementor-spacer\">\n\t\t\t<div class=\"elementor-spacer-inner\"><\/div>\n\t\t<\/div>\n\t\t\t\t\t\t<\/div>\n\t\t\t\t<\/div>\n\t\t\t\t\t<\/div>\n\t\t\t\t<\/div>\n\t\t\t\t<\/div>\n\t\t","protected":false},"excerpt":{"rendered":"<p>Wir freuen uns, dass du Teil unserer Gemeinschaft werden willst! Als Mitglied hast du alle M\u00f6glichkeiten: Ganz nah dran sein am Geschehen und selbst mit anpacken, \u00fcber alle anstehenden Termine bestens informiert sein oder aber auch von der Seitenlinie zuschauen und den Verein dennoch mit deinem regelm\u00e4\u00dfigen Mitgliedsbeitrag f\u00f6rdern.Jede Art der Unterst\u00fctzung ist f\u00fcr uns [&hellip;]<\/p>\n","protected":false},"author":2,"featured_media":0,"parent":0,"menu_order":0,"comment_status":"closed","ping_status":"closed","template":"","meta":{"site-sidebar-layout":"no-sidebar","site-content-layout":"page-builder","ast-site-content-layout":"full-width-container","site-content-style":"unboxed","site-sidebar-style":"unboxed","ast-global-header-display":"","ast-banner-title-visibility":"","ast-main-header-display":"","ast-hfb-above-header-display":"","ast-hfb-below-header-display":"","ast-hfb-mobile-header-display":"","site-post-title":"disabled","ast-breadcrumbs-content":"","ast-featured-img":"disabled","footer-sml-layout":"","theme-transparent-header-meta":"","adv-header-id-meta":"","stick-header-meta":"","header-above-stick-meta":"","header-main-stick-meta":"","header-below-stick-meta":"","astra-migrate-meta-layouts":"set","ast-page-background-enabled":"default","ast-page-background-meta":{"desktop":{"background-color":"var(--ast-global-color-4)","background-image":"","background-repeat":"repeat","background-position":"center center","background-size":"auto","background-attachment":"scroll","background-type":"","background-media":"","overlay-type":"","overlay-color":"","overlay-opacity":"","overlay-gradient":""},"tablet":{"background-color":"","background-image":"","background-repeat":"repeat","background-position":"center center","background-size":"auto","background-attachment":"scroll","background-type":"","background-media":"","overlay-type":"","overlay-color":"","overlay-opacity":"","overlay-gradient":""},"mobile":{"background-color":"","background-image":"","background-repeat":"repeat","background-position":"center center","background-size":"auto","background-attachment":"scroll","background-type":"","background-media":"","overlay-type":"","overlay-color":"","overlay-opacity":"","overlay-gradient":""}},"ast-content-background-meta":{"desktop":{"background-color":"var(--ast-global-color-5)","background-image":"","background-repeat":"repeat","background-position":"center center","background-size":"auto","background-attachment":"scroll","background-type":"","background-media":"","overlay-type":"","overlay-color":"","overlay-opacity":"","overlay-gradient":""},"tablet":{"background-color":"var(--ast-global-color-5)","background-image":"","background-repeat":"repeat","background-position":"center center","background-size":"auto","background-attachment":"scroll","background-type":"","background-media":"","overlay-type":"","overlay-color":"","overlay-opacity":"","overlay-gradient":""},"mobile":{"background-color":"var(--ast-global-color-5)","background-image":"","background-repeat":"repeat","background-position":"center center","background-size":"auto","background-attachment":"scroll","background-type":"","background-media":"","overlay-type":"","overlay-color":"","overlay-opacity":"","overlay-gradient":""}},"footnotes":""},"class_list":["post-2067","page","type-page","status-publish","hentry"],"_links":{"self":[{"href":"https:\/\/ducktopietest.plastic-age-ant.eu\/index.php?rest_route=\/wp\/v2\/pages\/2067","targetHints":{"allow":["GET"]}}],"collection":[{"href":"https:\/\/ducktopietest.plastic-age-ant.eu\/index.php?rest_route=\/wp\/v2\/pages"}],"about":[{"href":"https:\/\/ducktopietest.plastic-age-ant.eu\/index.php?rest_route=\/wp\/v2\/types\/page"}],"author":[{"embeddable":true,"href":"https:\/\/ducktopietest.plastic-age-ant.eu\/index.php?rest_route=\/wp\/v2\/users\/2"}],"replies":[{"embeddable":true,"href":"https:\/\/ducktopietest.plastic-age-ant.eu\/index.php?rest_route=%2Fwp%2Fv2%2Fcomments&post=2067"}],"version-history":[{"count":287,"href":"https:\/\/ducktopietest.plastic-age-ant.eu\/index.php?rest_route=\/wp\/v2\/pages\/2067\/revisions"}],"predecessor-version":[{"id":3416,"href":"https:\/\/ducktopietest.plastic-age-ant.eu\/index.php?rest_route=\/wp\/v2\/pages\/2067\/revisions\/3416"}],"wp:attachment":[{"href":"https:\/\/ducktopietest.plastic-age-ant.eu\/index.php?rest_route=%2Fwp%2Fv2%2Fmedia&parent=2067"}],"curies":[{"name":"wp","href":"https:\/\/api.w.org\/{rel}","templated":true}]}}